{"id":1687,"date":"2026-02-10T14:14:27","date_gmt":"2026-02-10T13:14:27","guid":{"rendered":"https:\/\/neu26.findingheads.de\/datenschutz\/"},"modified":"2026-03-03T15:16:19","modified_gmt":"2026-03-03T14:16:19","slug":"proteccion-de-datos","status":"publish","type":"page","link":"https:\/\/findingheads.de\/es\/proteccion-de-datos\/","title":{"rendered":"Proteccion de datos"},"content":{"rendered":"\t\t<div data-elementor-type=\"wp-page\" data-elementor-id=\"1687\" class=\"elementor elementor-1687 elementor-46\" data-elementor-post-type=\"page\">\n\t\t\t\t<div class=\"elementor-element elementor-element-a690bca e-con-full e-flex e-con e-parent\" data-id=\"a690bca\" data-element_type=\"container\" data-e-type=\"container\">\n\t\t\t\t<div class=\"elementor-element elementor-element-f342a1f elementor-hidden-mobile elementor-widget elementor-widget-image\" data-id=\"f342a1f\" data-element_type=\"widget\" data-e-type=\"widget\" data-widget_type=\"image.default\">\n\t\t\t\t\t\t\t\t\t\t\t\t\t\t\t<img decoding=\"async\" src=\"https:\/\/findingheads.de\/wp-content\/uploads\/2026\/02\/headbild-1-screen_4741-scaled.jpg\" title=\"\" alt=\"\" loading=\"lazy\" \/>\t\t\t\t\t\t\t\t\t\t\t\t\t\t\t<\/div>\n\t\t\t\t<div class=\"elementor-element elementor-element-5ac2a42 elementor-hidden-desktop elementor-hidden-laptop elementor-hidden-tablet_extra elementor-hidden-tablet elementor-hidden-mobile_extra elementor-widget elementor-widget-image\" data-id=\"5ac2a42\" data-element_type=\"widget\" data-e-type=\"widget\" data-widget_type=\"image.default\">\n\t\t\t\t\t\t\t\t\t\t\t\t\t\t\t<img decoding=\"async\" src=\"https:\/\/findingheads.de\/wp-content\/uploads\/2026\/02\/headbild-1small-mobile-scaled.jpg\" title=\"\" alt=\"\" loading=\"lazy\" \/>\t\t\t\t\t\t\t\t\t\t\t\t\t\t\t<\/div>\n\t\t\t\t<\/div>\n\t\t<div class=\"elementor-element elementor-element-d5be366 e-flex e-con-boxed e-con e-parent\" data-id=\"d5be366\" data-element_type=\"container\" data-e-type=\"container\">\n\t\t\t\t\t<div class=\"e-con-inner\">\n\t\t<div class=\"elementor-element elementor-element-b733f00 e-con-full e-flex elementor-invisible e-con e-child\" data-id=\"b733f00\" data-element_type=\"container\" data-e-type=\"container\" data-settings=\"{&quot;animation&quot;:&quot;fadeInUp&quot;}\">\n\t\t\t\t<div class=\"elementor-element elementor-element-3a28af3 elementor-widget__width-inherit elementor-widget-mobile__width-inherit elementor-widget elementor-widget-heading\" data-id=\"3a28af3\" data-element_type=\"widget\" data-e-type=\"widget\" data-widget_type=\"heading.default\">\n\t\t\t\t\t<h1 class=\"elementor-heading-title elementor-size-default\">Protecci\u00f3n de datos.<\/h1>\t\t\t\t<\/div>\n\t\t\t\t<div class=\"elementor-element elementor-element-3228856 elementor-widget__width-initial elementor-widget-mobile__width-inherit elementor-widget elementor-widget-heading\" data-id=\"3228856\" data-element_type=\"widget\" data-e-type=\"widget\" data-widget_type=\"heading.default\">\n\t\t\t\t\t<div class=\"elementor-heading-title elementor-size-default\">Finding Heads International<\/div>\t\t\t\t<\/div>\n\t\t\t\t<div class=\"elementor-element elementor-element-b12fb34 elementor-widget elementor-widget-text-editor\" data-id=\"b12fb34\" data-element_type=\"widget\" data-e-type=\"widget\" data-widget_type=\"text-editor.default\">\n\t\t\t\t\t\t\t\t\t<div class=\"col-xs-12 col-sm-12 col-lg-12 container-content-left\"><p>1. Informaci\u00f3n sobre la recopilaci\u00f3n de datos personales<br \/><br \/>(1) A continuaci\u00f3n, Finding Heads International GmbH (en adelante, Finding Heads) informa sobre la recopilaci\u00f3n de datos personales al utilizar su sitio web. Los datos personales son todos aquellos datos que se refieren a usted personalmente, como su nombre, direcci\u00f3n, direcciones de correo electr\u00f3nico, comportamiento del usuario.<br \/><br \/>(2) El responsable seg\u00fan el Art. 4 p\u00e1rrafo 7 del Reglamento General de Protecci\u00f3n de Datos de la UE (RGPD) es Finding Heads Catalonia, SL Joan Maragall, 6 bajos, ES 08870 Sitges (Barcelona) (ver el aviso legal).<br \/><br \/>Puede contactar al Delegado de Protecci\u00f3n de Datos de Finding Heads en hello@findingheads.es o en la direcci\u00f3n postal mencionada anteriormente con la adici\u00f3n \u00abDelegado de Protecci\u00f3n de Datos\u00bb.<br \/><br \/>(3) Cuando se ponga en contacto con Finding Heads por correo electr\u00f3nico o a trav\u00e9s de un formulario de contacto, Finding Heads almacenar\u00e1 los datos que usted proporcione (su direcci\u00f3n de correo electr\u00f3nico, posiblemente su nombre y su n\u00famero de tel\u00e9fono) para responder a sus preguntas. Los datos recopilados en este contexto se eliminar\u00e1n cuando ya no sean necesarios para el almacenamiento, o se restringir\u00e1 el procesamiento si existen obligaciones legales de retenci\u00f3n.<br \/><br \/>(4) Si Finding Heads utiliza proveedores de servicios contratados para funciones espec\u00edficas de esta oferta o desea utilizar sus datos para fines publicitarios, se le informar\u00e1 a continuaci\u00f3n en detalle sobre los procesos respectivos. Tambi\u00e9n se mencionar\u00e1n los criterios establecidos para el per\u00edodo de almacenamiento.<br \/><br \/>2. Sus derechos<br \/><br \/>(1) Usted tiene los siguientes derechos con respecto a los datos personales que le conciernen:<br \/>Derecho a la informaci\u00f3n,<br \/>Derecho de rectificaci\u00f3n o supresi\u00f3n,<br \/>Derecho a la limitaci\u00f3n del tratamiento,<br \/>Derecho de oposici\u00f3n al tratamiento,<br \/>Derecho a la portabilidad de los datos.<br \/><br \/>(2) Adem\u00e1s, tiene derecho a presentar una queja ante una autoridad de control de protecci\u00f3n de datos sobre el tratamiento de sus datos personales por parte de Finding Heads<br \/><br \/>3. Recopilaci\u00f3n de datos personales al visitar este sitio web<br \/><br \/>(1) Cuando utiliza el sitio web de forma puramente informativa, es decir, si no se registra ni transmite informaci\u00f3n de otra manera, Finding Heads solo recopila los datos personales que su navegador transmite al servidor. Si desea ver el sitio web, se recopilan los datos t\u00e9cnicamente necesarios para mostrar este sitio web y garantizar su estabilidad y seguridad (la base legal es el Art. 6 p\u00e1rrafo 1 frase 1 lit. f del RGPD):<br \/><br \/>Direcci\u00f3n IP<br \/>Fecha y hora de la solicitud<br \/>Diferencia horaria con respecto a la Hora Media de Greenwich (GMT)<br \/>Contenido de la solicitud (p\u00e1gina concreta)<br \/>Estado de acceso\/c\u00f3digo de estado HTTP<br \/>Cantidad de datos transmitidos en cada caso<br \/>Sitio web desde el cual proviene la solicitud<br \/>Navegador<br \/>Sistema operativo y su interfaz, idioma y versi\u00f3n del software del navegador.<br \/><br \/>(2) Adem\u00e1s de los datos mencionados anteriormente, se almacenan cookies en su computadora cuando utiliza este sitio web. Las cookies son peque\u00f1os archivos de texto que se almacenan en su disco duro y que est\u00e1n asociados con el navegador que est\u00e1 utilizando, y a trav\u00e9s de los cuales la parte que establece la cookie (en este caso, Finding Heads) recibe cierta informaci\u00f3n. Las cookies no pueden ejecutar programas ni transmitir virus a su computadora. Se utilizan para hacer que la oferta de Internet sea m\u00e1s f\u00e1cil de usar y efectiva en general.<br \/><br \/>(3) Uso de cookies:<br \/>a) Este sitio web utiliza los siguientes tipos de cookies, cuyo alcance y funcionamiento se explican a continuaci\u00f3n:<br \/><br \/>Cookies transitorias (ver b)<br \/>Cookies persistentes (ver c).<br \/><br \/>b) Las cookies transitorias se eliminan autom\u00e1ticamente cuando cierra el navegador. Esto incluye, en particular, las cookies de sesi\u00f3n. Estas almacenan una identificaci\u00f3n de sesi\u00f3n, con la cual se pueden asignar diferentes solicitudes de su navegador a la sesi\u00f3n compartida. Esto permite que su computadora sea reconocida cuando regrese a este sitio web. Las cookies de sesi\u00f3n se eliminan cuando cierra la sesi\u00f3n o cierra el navegador.<br \/><br \/>c) Las cookies persistentes se eliminan autom\u00e1ticamente despu\u00e9s de un per\u00edodo de tiempo especificado, que puede variar seg\u00fan la cookie. Puede eliminar las cookies en la configuraci\u00f3n de seguridad de su navegador en cualquier momento.<br \/><br \/>d) Puede configurar su navegador seg\u00fan sus preferencias, por ejemplo, para rechazar todas las cookies de terceros o todas las cookies. Es posible que entonces no pueda utilizar todas las funciones de este sitio web.<br \/><br \/>4. Otras funciones y ofertas de este sitio web<br \/><br \/>(1) Adem\u00e1s del uso puramente informativo de este sitio web, Finding Heads ofrece varios servicios que puede utilizar si est\u00e1 interesado. Para ello, generalmente debe proporcionar m\u00e1s datos personales, que Finding Heads utilizar\u00e1 para proporcionar el servicio respectivo y para los cuales s aplican los principios de procesamiento de datos mencionados anteriormente.<br \/><br \/>(2) Finding Heads a veces utiliza proveedores de servicios externos para procesar sus datos. Estos han sido cuidadosamente seleccionados y contratados por Finding Heads, est\u00e1n vinculados por sus instrucciones y son revisados regularmente.<br \/><br \/>(3) Adem\u00e1s, Finding Heads puede compartir sus datos personales con terceros si la participaci\u00f3n en acciones, la celebraci\u00f3n de contratos u otros servicios similares se ofrecen conjuntamente con socios de Finding Heads. Para obtener m\u00e1s informaci\u00f3n al respecto, puede proporcionar sus datos personales o consultar la descripci\u00f3n de la oferta a continuaci\u00f3n.<br \/><br \/>(4) En la medida en que estos proveedores de servicios o socios tengan su sede en un pa\u00eds fuera del Espacio Econ\u00f3mico Europeo (EEE), Finding Heads le informar\u00e1 sobre las consecuencias de este hecho en la descripci\u00f3n de la oferta.<br \/><br \/>5. Oposici\u00f3n o revocaci\u00f3n del procesamiento de sus datos<br \/><br \/>(1) Si ha dado su consentimiento para el procesamiento de sus datos, puede revocarlo en cualquier momento. Dicha revocaci\u00f3n no afectar\u00e1 la legalidad del procesamiento de sus datos personales realizado por Finding Heads antes de que usted haya expresado dicha revocaci\u00f3n.<br \/><br \/>(2) En la medida en que Finding Heads base el procesamiento de sus datos personales en un equilibrio de intereses, tiene derecho a oponerse al procesamiento. Esto ocurre cuando el procesamiento no sea necesario para cumplir un contrato con usted, como se indicar\u00e1 en la descripci\u00f3n de las funciones por parte de Finding Heads. Al ejercer tal oposici\u00f3n, Finding Heads le solicitar\u00e1 que exponga las razones por las cuales sus datos personales no deben ser procesados como se ha realizado. En caso de una oposici\u00f3n justificada, Finding Heads revisar\u00e1 la situaci\u00f3n y cesar\u00e1 o ajustar\u00e1 el procesamiento de datos, o le mostrar\u00e1 sus razones imperiosas y leg\u00edtimas para continuar con el procesamiento.<br \/><br \/>(3) Por supuesto, puede oponerse al procesamiento de sus datos personales para fines publicitarios y de an\u00e1lisis de datos en cualquier momento. Puede informar a Finding Heads sobre su objeci\u00f3n a la publicidad en los siguientes datos de contacto:<br \/><br \/>Finding Heads Catalonia, SL<br \/>Xavier Montserrat Bages<br \/>Joan Maragall, 6 bajos<br \/>ES 08870 Sitges (Barcelona)<br \/>Correo electr\u00f3nico: hello@findingheads.es<br \/><br \/>6. Uso del portal de solicitudes<br \/><br \/>(1) Si desea utilizar el portal de solicitudes de Finding Heads, debe registrarse proporcionando su direcci\u00f3n de correo electr\u00f3nico, una contrase\u00f1a elegida por usted mismo y un nombre de usuario opcionalmente elegido. No se requiere que utilice su nombre real, por lo que es posible el uso de un seud\u00f3nimo. Finding Heads utiliza el procedimiento de confirmaci\u00f3n de doble opt-in para el registro, es decir, su registro se completar\u00e1 despu\u00e9s de que haya confirmado su registro a trav\u00e9s de un correo electr\u00f3nico de confirmaci\u00f3n enviado para este prop\u00f3sito, haciendo clic en el enlace de confirmaci\u00f3n contenido en \u00e9l. Si no confirma su registro dentro de las 24 horas posteriores, su registro se eliminar\u00e1 autom\u00e1ticamente de la base de datos. La provisi\u00f3n de los datos mencionados anteriormente es obligatoria, y cualquier otra informaci\u00f3n puede proporcionarse voluntariamente mediante el uso del portal.<br \/><br \/>(2) Si utiliza el portal, Finding Heads almacenar\u00e1 sus datos necesarios para cumplir el contrato hasta que elimine permanentemente su acceso. Adem\u00e1s, Finding Heads almacenar\u00e1 los datos voluntarios que haya proporcionado durante el tiempo que utilice el portal, a menos que los elimine previamente. Todos los detalles pueden gestionarse y modificarse en el \u00e1rea de cliente protegida. La base legal es el Art. 6 p\u00e1rrafo 1 frase 1 lit. f del RGPD.<br \/><br \/>(3) Para evitar accesos no autorizados de terceros a sus datos personales, la conexi\u00f3n se cifra mediante la tecnolog\u00eda TLS. .<\/p><\/div>\t\t\t\t\t\t\t\t<\/div>\n\t\t\t\t<\/div>\n\t\t\t\t\t<\/div>\n\t\t\t\t<\/div>\n\t\t\t\t<\/div>\n\t\t","protected":false},"excerpt":{"rendered":"<p>Protecci\u00f3n de datos. Finding Heads International 1. Informaci\u00f3n sobre la recopilaci\u00f3n de datos personales (1) A continuaci\u00f3n, Finding Heads International GmbH (en adelante, Finding Heads) informa sobre la recopilaci\u00f3n de datos personales al utilizar su sitio web. Los datos personales son todos aquellos datos que se refieren a usted personalmente, como su nombre, direcci\u00f3n, direcciones [&hellip;]<\/p>\n","protected":false},"author":2,"featured_media":0,"parent":0,"menu_order":0,"comment_status":"closed","ping_status":"closed","template":"elementor_header_footer","meta":{"_acf_changed":false,"footnotes":""},"class_list":["post-1687","page","type-page","status-publish","hentry"],"acf":[],"yoast_head":"<!-- This site is optimized with the Yoast SEO plugin v27.3 - https:\/\/yoast.com\/product\/yoast-seo-wordpress\/ -->\n<title>Pol\u00edtica de Privacidad | Finding Heads<\/title>\n<meta name=\"description\" content=\"Informaci\u00f3n sobre protecci\u00f3n de datos y procesamiento de sus datos personales en Finding Heads International GmbH. Transparencia y seguridad garantizadas.\" \/>\n<meta name=\"robots\" content=\"index, follow, max-snippet:-1, max-image-preview:large, max-video-preview:-1\" \/>\n<link rel=\"canonical\" href=\"https:\/\/findingheads.de\/es\/proteccion-de-datos\/\" \/>\n<meta property=\"og:locale\" content=\"es_ES\" \/>\n<meta property=\"og:type\" content=\"article\" \/>\n<meta property=\"og:title\" content=\"Pol\u00edtica de Privacidad | Finding Heads\" \/>\n<meta property=\"og:description\" content=\"Informaci\u00f3n sobre protecci\u00f3n de datos y procesamiento de sus datos personales en Finding Heads International GmbH. Transparencia y seguridad garantizadas.\" \/>\n<meta property=\"og:url\" content=\"https:\/\/findingheads.de\/es\/proteccion-de-datos\/\" \/>\n<meta property=\"og:site_name\" content=\"Finding Heads\" \/>\n<meta property=\"article:publisher\" content=\"https:\/\/www.facebook.com\/findingheads\" \/>\n<meta property=\"article:modified_time\" content=\"2026-03-03T14:16:19+00:00\" \/>\n<meta property=\"og:image\" content=\"https:\/\/neu26.findingheads.de\/wp-content\/uploads\/2026\/02\/headbild-1-screen_4741-scaled.jpg\" \/>\n<meta name=\"twitter:card\" content=\"summary_large_image\" \/>\n<meta name=\"twitter:label1\" content=\"Tiempo de lectura\" \/>\n\t<meta name=\"twitter:data1\" content=\"7 minutos\" \/>\n<script type=\"application\/ld+json\" class=\"yoast-schema-graph\">{\"@context\":\"https:\\\/\\\/schema.org\",\"@graph\":[{\"@type\":\"WebPage\",\"@id\":\"https:\\\/\\\/findingheads.de\\\/es\\\/proteccion-de-datos\\\/\",\"url\":\"https:\\\/\\\/findingheads.de\\\/es\\\/proteccion-de-datos\\\/\",\"name\":\"Pol\u00edtica de Privacidad | Finding Heads\",\"isPartOf\":{\"@id\":\"https:\\\/\\\/findingheads.de\\\/es\\\/#website\"},\"primaryImageOfPage\":{\"@id\":\"https:\\\/\\\/findingheads.de\\\/es\\\/proteccion-de-datos\\\/#primaryimage\"},\"image\":{\"@id\":\"https:\\\/\\\/findingheads.de\\\/es\\\/proteccion-de-datos\\\/#primaryimage\"},\"thumbnailUrl\":\"https:\\\/\\\/neu26.findingheads.de\\\/wp-content\\\/uploads\\\/2026\\\/02\\\/headbild-1-screen_4741-scaled.jpg\",\"datePublished\":\"2026-02-10T13:14:27+00:00\",\"dateModified\":\"2026-03-03T14:16:19+00:00\",\"description\":\"Informaci\u00f3n sobre protecci\u00f3n de datos y procesamiento de sus datos personales en Finding Heads International GmbH. Transparencia y seguridad garantizadas.\",\"breadcrumb\":{\"@id\":\"https:\\\/\\\/findingheads.de\\\/es\\\/proteccion-de-datos\\\/#breadcrumb\"},\"inLanguage\":\"es\",\"potentialAction\":[{\"@type\":\"ReadAction\",\"target\":[\"https:\\\/\\\/findingheads.de\\\/es\\\/proteccion-de-datos\\\/\"]}]},{\"@type\":\"ImageObject\",\"inLanguage\":\"es\",\"@id\":\"https:\\\/\\\/findingheads.de\\\/es\\\/proteccion-de-datos\\\/#primaryimage\",\"url\":\"https:\\\/\\\/neu26.findingheads.de\\\/wp-content\\\/uploads\\\/2026\\\/02\\\/headbild-1-screen_4741-scaled.jpg\",\"contentUrl\":\"https:\\\/\\\/neu26.findingheads.de\\\/wp-content\\\/uploads\\\/2026\\\/02\\\/headbild-1-screen_4741-scaled.jpg\"},{\"@type\":\"BreadcrumbList\",\"@id\":\"https:\\\/\\\/findingheads.de\\\/es\\\/proteccion-de-datos\\\/#breadcrumb\",\"itemListElement\":[{\"@type\":\"ListItem\",\"position\":1,\"name\":\"Home\",\"item\":\"https:\\\/\\\/findingheads.de\\\/es\\\/\"},{\"@type\":\"ListItem\",\"position\":2,\"name\":\"Proteccion de datos\"}]},{\"@type\":\"WebSite\",\"@id\":\"https:\\\/\\\/findingheads.de\\\/es\\\/#website\",\"url\":\"https:\\\/\\\/findingheads.de\\\/es\\\/\",\"name\":\"Finding Heads International GmbH\",\"description\":\"\",\"publisher\":{\"@id\":\"https:\\\/\\\/findingheads.de\\\/es\\\/#organization\"},\"potentialAction\":[{\"@type\":\"SearchAction\",\"target\":{\"@type\":\"EntryPoint\",\"urlTemplate\":\"https:\\\/\\\/findingheads.de\\\/es\\\/?s={search_term_string}\"},\"query-input\":{\"@type\":\"PropertyValueSpecification\",\"valueRequired\":true,\"valueName\":\"search_term_string\"}}],\"inLanguage\":\"es\"},{\"@type\":\"Organization\",\"@id\":\"https:\\\/\\\/findingheads.de\\\/es\\\/#organization\",\"name\":\"Finding Heads International GmbH\",\"url\":\"https:\\\/\\\/findingheads.de\\\/es\\\/\",\"logo\":{\"@type\":\"ImageObject\",\"inLanguage\":\"es\",\"@id\":\"https:\\\/\\\/findingheads.de\\\/es\\\/#\\\/schema\\\/logo\\\/image\\\/\",\"url\":\"https:\\\/\\\/neu26.findingheads.de\\\/wp-content\\\/uploads\\\/2026\\\/02\\\/finding-heads-logo.png\",\"contentUrl\":\"https:\\\/\\\/neu26.findingheads.de\\\/wp-content\\\/uploads\\\/2026\\\/02\\\/finding-heads-logo.png\",\"width\":700,\"height\":250,\"caption\":\"Finding Heads International GmbH\"},\"image\":{\"@id\":\"https:\\\/\\\/findingheads.de\\\/es\\\/#\\\/schema\\\/logo\\\/image\\\/\"},\"sameAs\":[\"https:\\\/\\\/www.facebook.com\\\/findingheads\",\"https:\\\/\\\/www.linkedin.com\\\/company\\\/findingheadsinternationalgmbh\",\"https:\\\/\\\/www.instagram.com\\\/findingheadsinternational\",\"https:\\\/\\\/www.xing.com\\\/pages\\\/findingheadsinternationalgmbh\"]}]}<\/script>\n<!-- \/ Yoast SEO plugin. -->","yoast_head_json":{"title":"Pol\u00edtica de Privacidad | Finding Heads","description":"Informaci\u00f3n sobre protecci\u00f3n de datos y procesamiento de sus datos personales en Finding Heads International GmbH. Transparencia y seguridad garantizadas.","robots":{"index":"index","follow":"follow","max-snippet":"max-snippet:-1","max-image-preview":"max-image-preview:large","max-video-preview":"max-video-preview:-1"},"canonical":"https:\/\/findingheads.de\/es\/proteccion-de-datos\/","og_locale":"es_ES","og_type":"article","og_title":"Pol\u00edtica de Privacidad | Finding Heads","og_description":"Informaci\u00f3n sobre protecci\u00f3n de datos y procesamiento de sus datos personales en Finding Heads International GmbH. Transparencia y seguridad garantizadas.","og_url":"https:\/\/findingheads.de\/es\/proteccion-de-datos\/","og_site_name":"Finding Heads","article_publisher":"https:\/\/www.facebook.com\/findingheads","article_modified_time":"2026-03-03T14:16:19+00:00","og_image":[{"url":"https:\/\/neu26.findingheads.de\/wp-content\/uploads\/2026\/02\/headbild-1-screen_4741-scaled.jpg","type":"","width":"","height":""}],"twitter_card":"summary_large_image","twitter_misc":{"Tiempo de lectura":"7 minutos"},"schema":{"@context":"https:\/\/schema.org","@graph":[{"@type":"WebPage","@id":"https:\/\/findingheads.de\/es\/proteccion-de-datos\/","url":"https:\/\/findingheads.de\/es\/proteccion-de-datos\/","name":"Pol\u00edtica de Privacidad | Finding Heads","isPartOf":{"@id":"https:\/\/findingheads.de\/es\/#website"},"primaryImageOfPage":{"@id":"https:\/\/findingheads.de\/es\/proteccion-de-datos\/#primaryimage"},"image":{"@id":"https:\/\/findingheads.de\/es\/proteccion-de-datos\/#primaryimage"},"thumbnailUrl":"https:\/\/neu26.findingheads.de\/wp-content\/uploads\/2026\/02\/headbild-1-screen_4741-scaled.jpg","datePublished":"2026-02-10T13:14:27+00:00","dateModified":"2026-03-03T14:16:19+00:00","description":"Informaci\u00f3n sobre protecci\u00f3n de datos y procesamiento de sus datos personales en Finding Heads International GmbH. Transparencia y seguridad garantizadas.","breadcrumb":{"@id":"https:\/\/findingheads.de\/es\/proteccion-de-datos\/#breadcrumb"},"inLanguage":"es","potentialAction":[{"@type":"ReadAction","target":["https:\/\/findingheads.de\/es\/proteccion-de-datos\/"]}]},{"@type":"ImageObject","inLanguage":"es","@id":"https:\/\/findingheads.de\/es\/proteccion-de-datos\/#primaryimage","url":"https:\/\/neu26.findingheads.de\/wp-content\/uploads\/2026\/02\/headbild-1-screen_4741-scaled.jpg","contentUrl":"https:\/\/neu26.findingheads.de\/wp-content\/uploads\/2026\/02\/headbild-1-screen_4741-scaled.jpg"},{"@type":"BreadcrumbList","@id":"https:\/\/findingheads.de\/es\/proteccion-de-datos\/#breadcrumb","itemListElement":[{"@type":"ListItem","position":1,"name":"Home","item":"https:\/\/findingheads.de\/es\/"},{"@type":"ListItem","position":2,"name":"Proteccion de datos"}]},{"@type":"WebSite","@id":"https:\/\/findingheads.de\/es\/#website","url":"https:\/\/findingheads.de\/es\/","name":"Finding Heads International GmbH","description":"","publisher":{"@id":"https:\/\/findingheads.de\/es\/#organization"},"potentialAction":[{"@type":"SearchAction","target":{"@type":"EntryPoint","urlTemplate":"https:\/\/findingheads.de\/es\/?s={search_term_string}"},"query-input":{"@type":"PropertyValueSpecification","valueRequired":true,"valueName":"search_term_string"}}],"inLanguage":"es"},{"@type":"Organization","@id":"https:\/\/findingheads.de\/es\/#organization","name":"Finding Heads International GmbH","url":"https:\/\/findingheads.de\/es\/","logo":{"@type":"ImageObject","inLanguage":"es","@id":"https:\/\/findingheads.de\/es\/#\/schema\/logo\/image\/","url":"https:\/\/neu26.findingheads.de\/wp-content\/uploads\/2026\/02\/finding-heads-logo.png","contentUrl":"https:\/\/neu26.findingheads.de\/wp-content\/uploads\/2026\/02\/finding-heads-logo.png","width":700,"height":250,"caption":"Finding Heads International GmbH"},"image":{"@id":"https:\/\/findingheads.de\/es\/#\/schema\/logo\/image\/"},"sameAs":["https:\/\/www.facebook.com\/findingheads","https:\/\/www.linkedin.com\/company\/findingheadsinternationalgmbh","https:\/\/www.instagram.com\/findingheadsinternational","https:\/\/www.xing.com\/pages\/findingheadsinternationalgmbh"]}]}},"_links":{"self":[{"href":"https:\/\/findingheads.de\/es\/wp-json\/wp\/v2\/pages\/1687","targetHints":{"allow":["GET"]}}],"collection":[{"href":"https:\/\/findingheads.de\/es\/wp-json\/wp\/v2\/pages"}],"about":[{"href":"https:\/\/findingheads.de\/es\/wp-json\/wp\/v2\/types\/page"}],"author":[{"embeddable":true,"href":"https:\/\/findingheads.de\/es\/wp-json\/wp\/v2\/users\/2"}],"replies":[{"embeddable":true,"href":"https:\/\/findingheads.de\/es\/wp-json\/wp\/v2\/comments?post=1687"}],"version-history":[{"count":0,"href":"https:\/\/findingheads.de\/es\/wp-json\/wp\/v2\/pages\/1687\/revisions"}],"wp:attachment":[{"href":"https:\/\/findingheads.de\/es\/wp-json\/wp\/v2\/media?parent=1687"}],"curies":[{"name":"wp","href":"https:\/\/api.w.org\/{rel}","templated":true}]}}