{"id":1762,"date":"2026-02-10T14:14:41","date_gmt":"2026-02-10T13:14:41","guid":{"rendered":"https:\/\/neu26.findingheads.de\/impressum\/"},"modified":"2026-03-03T15:17:44","modified_gmt":"2026-03-03T14:17:44","slug":"imprenta","status":"publish","type":"page","link":"https:\/\/findingheads.de\/es\/imprenta\/","title":{"rendered":"Imprenta"},"content":{"rendered":"\t\t<div data-elementor-type=\"wp-page\" data-elementor-id=\"1762\" class=\"elementor elementor-1762 elementor-48\" data-elementor-post-type=\"page\">\n\t\t\t\t<div class=\"elementor-element elementor-element-a84377d e-con-full e-flex e-con e-parent\" data-id=\"a84377d\" data-element_type=\"container\" data-e-type=\"container\">\n\t\t\t\t<div class=\"elementor-element elementor-element-c5ad243 elementor-hidden-mobile elementor-widget elementor-widget-image\" data-id=\"c5ad243\" data-element_type=\"widget\" data-e-type=\"widget\" data-widget_type=\"image.default\">\n\t\t\t\t\t\t\t\t\t\t\t\t\t\t\t<img decoding=\"async\" src=\"https:\/\/findingheads.de\/wp-content\/uploads\/2026\/02\/headbild-1-screen_4741-scaled.jpg\" title=\"\" alt=\"\" loading=\"lazy\" \/>\t\t\t\t\t\t\t\t\t\t\t\t\t\t\t<\/div>\n\t\t\t\t<div class=\"elementor-element elementor-element-5d3e407 elementor-hidden-desktop elementor-hidden-laptop elementor-hidden-tablet_extra elementor-hidden-tablet elementor-hidden-mobile_extra elementor-widget elementor-widget-image\" data-id=\"5d3e407\" data-element_type=\"widget\" data-e-type=\"widget\" data-widget_type=\"image.default\">\n\t\t\t\t\t\t\t\t\t\t\t\t\t\t\t<img decoding=\"async\" src=\"https:\/\/findingheads.de\/wp-content\/uploads\/2026\/02\/headbild-1small-mobile-scaled.jpg\" title=\"\" alt=\"\" loading=\"lazy\" \/>\t\t\t\t\t\t\t\t\t\t\t\t\t\t\t<\/div>\n\t\t\t\t<\/div>\n\t\t<div class=\"elementor-element elementor-element-b9174ea e-flex e-con-boxed e-con e-parent\" data-id=\"b9174ea\" data-element_type=\"container\" data-e-type=\"container\">\n\t\t\t\t\t<div class=\"e-con-inner\">\n\t\t<div class=\"elementor-element elementor-element-62d6d01 e-con-full e-flex elementor-invisible e-con e-child\" data-id=\"62d6d01\" data-element_type=\"container\" data-e-type=\"container\" data-settings=\"{&quot;animation&quot;:&quot;fadeInUp&quot;}\">\n\t\t\t\t<div class=\"elementor-element elementor-element-1219ef1 elementor-widget__width-inherit elementor-widget-mobile__width-inherit elementor-widget elementor-widget-heading\" data-id=\"1219ef1\" data-element_type=\"widget\" data-e-type=\"widget\" data-widget_type=\"heading.default\">\n\t\t\t\t\t<h1 class=\"elementor-heading-title elementor-size-default\">Pie de imprenta<\/h1>\t\t\t\t<\/div>\n\t\t\t\t<div class=\"elementor-element elementor-element-8773e4c elementor-widget__width-initial elementor-widget-mobile__width-inherit elementor-widget elementor-widget-heading\" data-id=\"8773e4c\" data-element_type=\"widget\" data-e-type=\"widget\" data-widget_type=\"heading.default\">\n\t\t\t\t\t<div class=\"elementor-heading-title elementor-size-default\">Etiquetado de proveedores<\/div>\t\t\t\t<\/div>\n\t\t\t\t<div class=\"elementor-element elementor-element-f212970 elementor-widget elementor-widget-text-editor\" data-id=\"f212970\" data-element_type=\"widget\" data-e-type=\"widget\" data-widget_type=\"text-editor.default\">\n\t\t\t\t\t\t\t\t\t<div class=\"col-xs-12 col-sm-12 col-lg-12 container-content-left\"><p>Finding Heads International GmbH<br \/>Wipperstra\u00dfe 38<br \/>DE 58553 Halver<\/p><\/div>\t\t\t\t\t\t\t\t<\/div>\n\t\t\t\t<div class=\"elementor-element elementor-element-bbf7cc5 elementor-mobile-align-start elementor-icon-list--layout-traditional elementor-list-item-link-full_width elementor-widget elementor-widget-icon-list\" data-id=\"bbf7cc5\" data-element_type=\"widget\" data-e-type=\"widget\" data-widget_type=\"icon-list.default\">\n\t\t\t\t\t\t\t<ul class=\"elementor-icon-list-items\">\n\t\t\t\t\t\t\t<li class=\"elementor-icon-list-item\">\n\t\t\t\t\t\t\t\t\t\t\t<a href=\"tel:004923536674561\">\n\n\t\t\t\t\t\t\t\t\t\t\t\t<span class=\"elementor-icon-list-icon\">\n\t\t\t\t\t\t\t<svg aria-hidden=\"true\" class=\"e-font-icon-svg e-fas-phone-alt\" viewBox=\"0 0 512 512\" xmlns=\"http:\/\/www.w3.org\/2000\/svg\"><path d=\"M497.39 361.8l-112-48a24 24 0 0 0-28 6.9l-49.6 60.6A370.66 370.66 0 0 1 130.6 204.11l60.6-49.6a23.94 23.94 0 0 0 6.9-28l-48-112A24.16 24.16 0 0 0 122.6.61l-104 24A24 24 0 0 0 0 48c0 256.5 207.9 464 464 464a24 24 0 0 0 23.4-18.6l24-104a24.29 24.29 0 0 0-14.01-27.6z\"><\/path><\/svg>\t\t\t\t\t\t<\/span>\n\t\t\t\t\t\t\t\t\t\t<span class=\"elementor-icon-list-text\">+49 2353 667 45 61<\/span>\n\t\t\t\t\t\t\t\t\t\t\t<\/a>\n\t\t\t\t\t\t\t\t\t<\/li>\n\t\t\t\t\t\t\t\t<li class=\"elementor-icon-list-item\">\n\t\t\t\t\t\t\t\t\t\t\t<a href=\"tel:004923536674562\">\n\n\t\t\t\t\t\t\t\t\t\t\t\t<span class=\"elementor-icon-list-icon\">\n\t\t\t\t\t\t\t<svg aria-hidden=\"true\" class=\"e-font-icon-svg e-fas-print\" viewBox=\"0 0 512 512\" xmlns=\"http:\/\/www.w3.org\/2000\/svg\"><path d=\"M448 192V77.25c0-8.49-3.37-16.62-9.37-22.63L393.37 9.37c-6-6-14.14-9.37-22.63-9.37H96C78.33 0 64 14.33 64 32v160c-35.35 0-64 28.65-64 64v112c0 8.84 7.16 16 16 16h48v96c0 17.67 14.33 32 32 32h320c17.67 0 32-14.33 32-32v-96h48c8.84 0 16-7.16 16-16V256c0-35.35-28.65-64-64-64zm-64 256H128v-96h256v96zm0-224H128V64h192v48c0 8.84 7.16 16 16 16h48v96zm48 72c-13.25 0-24-10.75-24-24 0-13.26 10.75-24 24-24s24 10.74 24 24c0 13.25-10.75 24-24 24z\"><\/path><\/svg>\t\t\t\t\t\t<\/span>\n\t\t\t\t\t\t\t\t\t\t<span class=\"elementor-icon-list-text\">+49 2353 667 45 62<\/span>\n\t\t\t\t\t\t\t\t\t\t\t<\/a>\n\t\t\t\t\t\t\t\t\t<\/li>\n\t\t\t\t\t\t\t\t<li class=\"elementor-icon-list-item\">\n\t\t\t\t\t\t\t\t\t\t\t<a href=\"mailto:hello@findingheads.de\">\n\n\t\t\t\t\t\t\t\t\t\t\t\t<span class=\"elementor-icon-list-icon\">\n\t\t\t\t\t\t\t<svg aria-hidden=\"true\" class=\"e-font-icon-svg e-far-envelope\" viewBox=\"0 0 512 512\" xmlns=\"http:\/\/www.w3.org\/2000\/svg\"><path d=\"M464 64H48C21.49 64 0 85.49 0 112v288c0 26.51 21.49 48 48 48h416c26.51 0 48-21.49 48-48V112c0-26.51-21.49-48-48-48zm0 48v40.805c-22.422 18.259-58.168 46.651-134.587 106.49-16.841 13.247-50.201 45.072-73.413 44.701-23.208.375-56.579-31.459-73.413-44.701C106.18 199.465 70.425 171.067 48 152.805V112h416zM48 400V214.398c22.914 18.251 55.409 43.862 104.938 82.646 21.857 17.205 60.134 55.186 103.062 54.955 42.717.231 80.509-37.199 103.053-54.947 49.528-38.783 82.032-64.401 104.947-82.653V400H48z\"><\/path><\/svg>\t\t\t\t\t\t<\/span>\n\t\t\t\t\t\t\t\t\t\t<span class=\"elementor-icon-list-text\">hello@findingheads.de<\/span>\n\t\t\t\t\t\t\t\t\t\t\t<\/a>\n\t\t\t\t\t\t\t\t\t<\/li>\n\t\t\t\t\t\t<\/ul>\n\t\t\t\t\t\t<\/div>\n\t\t\t\t<div class=\"elementor-element elementor-element-23d4179 elementor-widget elementor-widget-text-editor\" data-id=\"23d4179\" data-element_type=\"widget\" data-e-type=\"widget\" data-widget_type=\"text-editor.default\">\n\t\t\t\t\t\t\t\t\t<p>Finding Heads Catalonia, SL<br \/>Joan Maragall, 6 bajos<br \/>ES 08870 Sitges (Barcelona)<br \/><br \/>Director General: Xavier Montserrat<\/p><div class=\"smalltext\">El autor se esfuerza por respetar los derechos de autor de los gr\u00e1ficos, documentos sonoros, secuencias de v\u00eddeo y textos utilizados en todas las publicaciones, por utilizar gr\u00e1ficos, documentos sonoros, secuencias de v\u00eddeo y textos creados por \u00e9l mismo o por hacer uso de gr\u00e1ficos, documentos sonoros, secuencias de v\u00eddeo y textos libres de licencia. Todas las marcas y marcas comerciales mencionadas en el sitio web y eventualmente protegidas por terceros est\u00e1n sujetas sin restricciones a las disposiciones del derecho de marcas aplicable y a los derechos de propiedad de los respectivos propietarios registrados. La mera menci\u00f3n de una marca no implica que no est\u00e9 protegida por derechos de terceros. Los derechos de autor de los objetos publicados y creados por el propio autor pertenecen exclusivamente al autor de las p\u00e1ginas. Queda prohibida la reproducci\u00f3n o utilizaci\u00f3n de objetos como diagramas, sonidos o textos en otras publicaciones electr\u00f3nicas o impresas sin el consentimiento del autor.<br \/><br \/>Nos tomamos muy en serio la protecci\u00f3n de sus datos personales. Por este motivo, nos gustar\u00eda informarle como usuario de nuestro sitio web sobre qu\u00e9 datos se almacenan y c\u00f3mo se utilizan. La normativa aplicable en materia de protecci\u00f3n de datos, en particular el Reglamento General de Protecci\u00f3n de Datos (RGPD) y la Ley Federal de Protecci\u00f3n de Datos, nos obliga a tratar los datos de los usuarios de nuestro sitio web de forma adecuada y para los fines previstos. A continuaci\u00f3n le informamos detalladamente sobre qu\u00e9 datos recopilamos y c\u00f3mo se procesan o utilizan.<br \/><br \/>Referencias y enlaces &#8211; Por la presente declaramos expresamente que, en el momento de la creaci\u00f3n de los enlaces (enlaces a otros sitios web), no ten\u00edamos conocimiento de ning\u00fan contenido ilegal en las p\u00e1ginas enlazadas. No tenemos ninguna influencia sobre el dise\u00f1o actual y futuro, el contenido o la autor\u00eda de las p\u00e1ginas enlazadas. La responsabilidad por los contenidos ilegales, incorrectos o incompletos y, en particular, por los da\u00f1os derivados del uso de la informaci\u00f3n facilitada corresponde exclusivamente al proveedor de la p\u00e1gina a la que hemos enlazado.<br \/><br \/>Plataforma de la Comisi\u00f3n de la UE para la resoluci\u00f3n de litigios en l\u00ednea &#8211; procedimiento de reclamaci\u00f3n a trav\u00e9s de la resoluci\u00f3n de litigios en l\u00ednea para consumidores (OS):\u00a0<a href=\"https:\/\/ec.europa.eu\/consumers\/odr\" target=\"_blank\" rel=\"noopener\">https:\/\/ec.europa.eu\/consumers\/odr<\/a>. No estamos dispuestos ni obligados a participar en un procedimiento de resoluci\u00f3n de litigios ante una junta arbitral de consumo.<\/div>\t\t\t\t\t\t\t\t<\/div>\n\t\t\t\t<\/div>\n\t\t\t\t\t<\/div>\n\t\t\t\t<\/div>\n\t\t\t\t<\/div>\n\t\t","protected":false},"excerpt":{"rendered":"<p>Pie de imprenta Etiquetado de proveedores Finding Heads International GmbHWipperstra\u00dfe 38DE 58553 Halver +49 2353 667 45 61 +49 2353 667 45 62 hello@findingheads.de Finding Heads Catalonia, SLJoan Maragall, 6 bajosES 08870 Sitges (Barcelona) Director General: Xavier Montserrat El autor se esfuerza por respetar los derechos de autor de los gr\u00e1ficos, documentos sonoros, secuencias de [&hellip;]<\/p>\n","protected":false},"author":2,"featured_media":0,"parent":0,"menu_order":0,"comment_status":"closed","ping_status":"closed","template":"elementor_header_footer","meta":{"_acf_changed":false,"footnotes":""},"class_list":["post-1762","page","type-page","status-publish","hentry"],"acf":[],"yoast_head":"<!-- This site is optimized with the Yoast SEO plugin v27.3 - https:\/\/yoast.com\/product\/yoast-seo-wordpress\/ -->\n<title>Aviso Legal | Finding Heads International GmbH<\/title>\n<meta name=\"description\" content=\"Informaci\u00f3n legal, datos de contacto e informaci\u00f3n de la empresa Finding Heads International GmbH. Su socio de b\u00fasqueda ejecutiva con sede en Alemania.\" \/>\n<meta name=\"robots\" content=\"index, follow, max-snippet:-1, max-image-preview:large, max-video-preview:-1\" \/>\n<link rel=\"canonical\" href=\"https:\/\/findingheads.de\/es\/imprenta\/\" \/>\n<meta property=\"og:locale\" content=\"es_ES\" \/>\n<meta property=\"og:type\" content=\"article\" \/>\n<meta property=\"og:title\" content=\"Aviso Legal | Finding Heads International GmbH\" \/>\n<meta property=\"og:description\" content=\"Informaci\u00f3n legal, datos de contacto e informaci\u00f3n de la empresa Finding Heads International GmbH. Su socio de b\u00fasqueda ejecutiva con sede en Alemania.\" \/>\n<meta property=\"og:url\" content=\"https:\/\/findingheads.de\/es\/imprenta\/\" \/>\n<meta property=\"og:site_name\" content=\"Finding Heads\" \/>\n<meta property=\"article:publisher\" content=\"https:\/\/www.facebook.com\/findingheads\" \/>\n<meta property=\"article:modified_time\" content=\"2026-03-03T14:17:44+00:00\" \/>\n<meta property=\"og:image\" content=\"https:\/\/neu26.findingheads.de\/wp-content\/uploads\/2026\/02\/headbild-1-screen_4741-scaled.jpg\" \/>\n<meta name=\"twitter:card\" content=\"summary_large_image\" \/>\n<meta name=\"twitter:label1\" content=\"Tiempo de lectura\" \/>\n\t<meta name=\"twitter:data1\" content=\"2 minutos\" \/>\n<script type=\"application\/ld+json\" class=\"yoast-schema-graph\">{\"@context\":\"https:\\\/\\\/schema.org\",\"@graph\":[{\"@type\":\"WebPage\",\"@id\":\"https:\\\/\\\/findingheads.de\\\/es\\\/imprenta\\\/\",\"url\":\"https:\\\/\\\/findingheads.de\\\/es\\\/imprenta\\\/\",\"name\":\"Aviso Legal | Finding Heads International GmbH\",\"isPartOf\":{\"@id\":\"https:\\\/\\\/findingheads.de\\\/es\\\/#website\"},\"primaryImageOfPage\":{\"@id\":\"https:\\\/\\\/findingheads.de\\\/es\\\/imprenta\\\/#primaryimage\"},\"image\":{\"@id\":\"https:\\\/\\\/findingheads.de\\\/es\\\/imprenta\\\/#primaryimage\"},\"thumbnailUrl\":\"https:\\\/\\\/neu26.findingheads.de\\\/wp-content\\\/uploads\\\/2026\\\/02\\\/headbild-1-screen_4741-scaled.jpg\",\"datePublished\":\"2026-02-10T13:14:41+00:00\",\"dateModified\":\"2026-03-03T14:17:44+00:00\",\"description\":\"Informaci\u00f3n legal, datos de contacto e informaci\u00f3n de la empresa Finding Heads International GmbH. Su socio de b\u00fasqueda ejecutiva con sede en Alemania.\",\"breadcrumb\":{\"@id\":\"https:\\\/\\\/findingheads.de\\\/es\\\/imprenta\\\/#breadcrumb\"},\"inLanguage\":\"es\",\"potentialAction\":[{\"@type\":\"ReadAction\",\"target\":[\"https:\\\/\\\/findingheads.de\\\/es\\\/imprenta\\\/\"]}]},{\"@type\":\"ImageObject\",\"inLanguage\":\"es\",\"@id\":\"https:\\\/\\\/findingheads.de\\\/es\\\/imprenta\\\/#primaryimage\",\"url\":\"https:\\\/\\\/neu26.findingheads.de\\\/wp-content\\\/uploads\\\/2026\\\/02\\\/headbild-1-screen_4741-scaled.jpg\",\"contentUrl\":\"https:\\\/\\\/neu26.findingheads.de\\\/wp-content\\\/uploads\\\/2026\\\/02\\\/headbild-1-screen_4741-scaled.jpg\"},{\"@type\":\"BreadcrumbList\",\"@id\":\"https:\\\/\\\/findingheads.de\\\/es\\\/imprenta\\\/#breadcrumb\",\"itemListElement\":[{\"@type\":\"ListItem\",\"position\":1,\"name\":\"Home\",\"item\":\"https:\\\/\\\/findingheads.de\\\/es\\\/\"},{\"@type\":\"ListItem\",\"position\":2,\"name\":\"Imprenta\"}]},{\"@type\":\"WebSite\",\"@id\":\"https:\\\/\\\/findingheads.de\\\/es\\\/#website\",\"url\":\"https:\\\/\\\/findingheads.de\\\/es\\\/\",\"name\":\"Finding Heads International GmbH\",\"description\":\"\",\"publisher\":{\"@id\":\"https:\\\/\\\/findingheads.de\\\/es\\\/#organization\"},\"potentialAction\":[{\"@type\":\"SearchAction\",\"target\":{\"@type\":\"EntryPoint\",\"urlTemplate\":\"https:\\\/\\\/findingheads.de\\\/es\\\/?s={search_term_string}\"},\"query-input\":{\"@type\":\"PropertyValueSpecification\",\"valueRequired\":true,\"valueName\":\"search_term_string\"}}],\"inLanguage\":\"es\"},{\"@type\":\"Organization\",\"@id\":\"https:\\\/\\\/findingheads.de\\\/es\\\/#organization\",\"name\":\"Finding Heads International GmbH\",\"url\":\"https:\\\/\\\/findingheads.de\\\/es\\\/\",\"logo\":{\"@type\":\"ImageObject\",\"inLanguage\":\"es\",\"@id\":\"https:\\\/\\\/findingheads.de\\\/es\\\/#\\\/schema\\\/logo\\\/image\\\/\",\"url\":\"https:\\\/\\\/neu26.findingheads.de\\\/wp-content\\\/uploads\\\/2026\\\/02\\\/finding-heads-logo.png\",\"contentUrl\":\"https:\\\/\\\/neu26.findingheads.de\\\/wp-content\\\/uploads\\\/2026\\\/02\\\/finding-heads-logo.png\",\"width\":700,\"height\":250,\"caption\":\"Finding Heads International GmbH\"},\"image\":{\"@id\":\"https:\\\/\\\/findingheads.de\\\/es\\\/#\\\/schema\\\/logo\\\/image\\\/\"},\"sameAs\":[\"https:\\\/\\\/www.facebook.com\\\/findingheads\",\"https:\\\/\\\/www.linkedin.com\\\/company\\\/findingheadsinternationalgmbh\",\"https:\\\/\\\/www.instagram.com\\\/findingheadsinternational\",\"https:\\\/\\\/www.xing.com\\\/pages\\\/findingheadsinternationalgmbh\"]}]}<\/script>\n<!-- \/ Yoast SEO plugin. -->","yoast_head_json":{"title":"Aviso Legal | Finding Heads International GmbH","description":"Informaci\u00f3n legal, datos de contacto e informaci\u00f3n de la empresa Finding Heads International GmbH. Su socio de b\u00fasqueda ejecutiva con sede en Alemania.","robots":{"index":"index","follow":"follow","max-snippet":"max-snippet:-1","max-image-preview":"max-image-preview:large","max-video-preview":"max-video-preview:-1"},"canonical":"https:\/\/findingheads.de\/es\/imprenta\/","og_locale":"es_ES","og_type":"article","og_title":"Aviso Legal | Finding Heads International GmbH","og_description":"Informaci\u00f3n legal, datos de contacto e informaci\u00f3n de la empresa Finding Heads International GmbH. Su socio de b\u00fasqueda ejecutiva con sede en Alemania.","og_url":"https:\/\/findingheads.de\/es\/imprenta\/","og_site_name":"Finding Heads","article_publisher":"https:\/\/www.facebook.com\/findingheads","article_modified_time":"2026-03-03T14:17:44+00:00","og_image":[{"url":"https:\/\/neu26.findingheads.de\/wp-content\/uploads\/2026\/02\/headbild-1-screen_4741-scaled.jpg","type":"","width":"","height":""}],"twitter_card":"summary_large_image","twitter_misc":{"Tiempo de lectura":"2 minutos"},"schema":{"@context":"https:\/\/schema.org","@graph":[{"@type":"WebPage","@id":"https:\/\/findingheads.de\/es\/imprenta\/","url":"https:\/\/findingheads.de\/es\/imprenta\/","name":"Aviso Legal | Finding Heads International GmbH","isPartOf":{"@id":"https:\/\/findingheads.de\/es\/#website"},"primaryImageOfPage":{"@id":"https:\/\/findingheads.de\/es\/imprenta\/#primaryimage"},"image":{"@id":"https:\/\/findingheads.de\/es\/imprenta\/#primaryimage"},"thumbnailUrl":"https:\/\/neu26.findingheads.de\/wp-content\/uploads\/2026\/02\/headbild-1-screen_4741-scaled.jpg","datePublished":"2026-02-10T13:14:41+00:00","dateModified":"2026-03-03T14:17:44+00:00","description":"Informaci\u00f3n legal, datos de contacto e informaci\u00f3n de la empresa Finding Heads International GmbH. Su socio de b\u00fasqueda ejecutiva con sede en Alemania.","breadcrumb":{"@id":"https:\/\/findingheads.de\/es\/imprenta\/#breadcrumb"},"inLanguage":"es","potentialAction":[{"@type":"ReadAction","target":["https:\/\/findingheads.de\/es\/imprenta\/"]}]},{"@type":"ImageObject","inLanguage":"es","@id":"https:\/\/findingheads.de\/es\/imprenta\/#primaryimage","url":"https:\/\/neu26.findingheads.de\/wp-content\/uploads\/2026\/02\/headbild-1-screen_4741-scaled.jpg","contentUrl":"https:\/\/neu26.findingheads.de\/wp-content\/uploads\/2026\/02\/headbild-1-screen_4741-scaled.jpg"},{"@type":"BreadcrumbList","@id":"https:\/\/findingheads.de\/es\/imprenta\/#breadcrumb","itemListElement":[{"@type":"ListItem","position":1,"name":"Home","item":"https:\/\/findingheads.de\/es\/"},{"@type":"ListItem","position":2,"name":"Imprenta"}]},{"@type":"WebSite","@id":"https:\/\/findingheads.de\/es\/#website","url":"https:\/\/findingheads.de\/es\/","name":"Finding Heads International GmbH","description":"","publisher":{"@id":"https:\/\/findingheads.de\/es\/#organization"},"potentialAction":[{"@type":"SearchAction","target":{"@type":"EntryPoint","urlTemplate":"https:\/\/findingheads.de\/es\/?s={search_term_string}"},"query-input":{"@type":"PropertyValueSpecification","valueRequired":true,"valueName":"search_term_string"}}],"inLanguage":"es"},{"@type":"Organization","@id":"https:\/\/findingheads.de\/es\/#organization","name":"Finding Heads International GmbH","url":"https:\/\/findingheads.de\/es\/","logo":{"@type":"ImageObject","inLanguage":"es","@id":"https:\/\/findingheads.de\/es\/#\/schema\/logo\/image\/","url":"https:\/\/neu26.findingheads.de\/wp-content\/uploads\/2026\/02\/finding-heads-logo.png","contentUrl":"https:\/\/neu26.findingheads.de\/wp-content\/uploads\/2026\/02\/finding-heads-logo.png","width":700,"height":250,"caption":"Finding Heads International GmbH"},"image":{"@id":"https:\/\/findingheads.de\/es\/#\/schema\/logo\/image\/"},"sameAs":["https:\/\/www.facebook.com\/findingheads","https:\/\/www.linkedin.com\/company\/findingheadsinternationalgmbh","https:\/\/www.instagram.com\/findingheadsinternational","https:\/\/www.xing.com\/pages\/findingheadsinternationalgmbh"]}]}},"_links":{"self":[{"href":"https:\/\/findingheads.de\/es\/wp-json\/wp\/v2\/pages\/1762","targetHints":{"allow":["GET"]}}],"collection":[{"href":"https:\/\/findingheads.de\/es\/wp-json\/wp\/v2\/pages"}],"about":[{"href":"https:\/\/findingheads.de\/es\/wp-json\/wp\/v2\/types\/page"}],"author":[{"embeddable":true,"href":"https:\/\/findingheads.de\/es\/wp-json\/wp\/v2\/users\/2"}],"replies":[{"embeddable":true,"href":"https:\/\/findingheads.de\/es\/wp-json\/wp\/v2\/comments?post=1762"}],"version-history":[{"count":0,"href":"https:\/\/findingheads.de\/es\/wp-json\/wp\/v2\/pages\/1762\/revisions"}],"wp:attachment":[{"href":"https:\/\/findingheads.de\/es\/wp-json\/wp\/v2\/media?parent=1762"}],"curies":[{"name":"wp","href":"https:\/\/api.w.org\/{rel}","templated":true}]}}