{"id":1783,"date":"2026-02-10T14:11:25","date_gmt":"2026-02-10T13:11:25","guid":{"rendered":"https:\/\/neu26.findingheads.de\/kontakt\/"},"modified":"2026-03-04T07:16:33","modified_gmt":"2026-03-04T06:16:33","slug":"contacto","status":"publish","type":"page","link":"https:\/\/findingheads.de\/es\/contacto\/","title":{"rendered":"Contacto"},"content":{"rendered":"\t\t<div data-elementor-type=\"wp-page\" data-elementor-id=\"1783\" class=\"elementor elementor-1783 elementor-26\" data-elementor-post-type=\"page\">\n\t\t\t\t<div class=\"elementor-element elementor-element-1ef286b e-con-full e-flex e-con e-parent\" data-id=\"1ef286b\" data-element_type=\"container\" data-e-type=\"container\">\n\t\t\t\t<div class=\"elementor-element elementor-element-70fa35a elementor-hidden-mobile elementor-widget elementor-widget-image\" data-id=\"70fa35a\" data-element_type=\"widget\" data-e-type=\"widget\" data-widget_type=\"image.default\">\n\t\t\t\t\t\t\t\t\t\t\t\t\t\t\t<img decoding=\"async\" src=\"https:\/\/findingheads.de\/wp-content\/uploads\/2026\/02\/headbild-1-screen_4741-scaled.jpg\" title=\"\" alt=\"\" loading=\"lazy\" \/>\t\t\t\t\t\t\t\t\t\t\t\t\t\t\t<\/div>\n\t\t\t\t<div class=\"elementor-element elementor-element-aef244b elementor-hidden-desktop elementor-hidden-laptop elementor-hidden-tablet_extra elementor-hidden-tablet elementor-hidden-mobile_extra elementor-widget elementor-widget-image\" data-id=\"aef244b\" data-element_type=\"widget\" data-e-type=\"widget\" data-widget_type=\"image.default\">\n\t\t\t\t\t\t\t\t\t\t\t\t\t\t\t<img decoding=\"async\" src=\"https:\/\/findingheads.de\/wp-content\/uploads\/2026\/02\/headbild-1small-mobile-scaled.jpg\" title=\"\" alt=\"\" loading=\"lazy\" \/>\t\t\t\t\t\t\t\t\t\t\t\t\t\t\t<\/div>\n\t\t\t\t<\/div>\n\t\t<div class=\"elementor-element elementor-element-00c8fc5 e-flex e-con-boxed e-con e-parent\" data-id=\"00c8fc5\" data-element_type=\"container\" data-e-type=\"container\">\n\t\t\t\t\t<div class=\"e-con-inner\">\n\t\t<div class=\"elementor-element elementor-element-2870897 e-con-full e-flex elementor-invisible e-con e-child\" data-id=\"2870897\" data-element_type=\"container\" data-e-type=\"container\" data-settings=\"{&quot;animation&quot;:&quot;fadeInUp&quot;}\">\n\t\t\t\t<div class=\"elementor-element elementor-element-54908ca elementor-widget__width-inherit elementor-widget-mobile__width-inherit elementor-widget elementor-widget-heading\" data-id=\"54908ca\" data-element_type=\"widget\" data-e-type=\"widget\" data-widget_type=\"heading.default\">\n\t\t\t\t\t<h1 class=\"elementor-heading-title elementor-size-default\">Contacto<\/h1>\t\t\t\t<\/div>\n\t\t\t\t<div class=\"elementor-element elementor-element-ea8d5d7 elementor-widget-mobile__width-inherit elementor-widget elementor-widget-heading\" data-id=\"ea8d5d7\" data-element_type=\"widget\" data-e-type=\"widget\" data-widget_type=\"heading.default\">\n\t\t\t\t\t<div class=\"elementor-heading-title elementor-size-default\">Tambi\u00e9n estamos deseando trabajar contigo.<\/div>\t\t\t\t<\/div>\n\t\t\t\t<\/div>\n\t\t\t\t\t<\/div>\n\t\t\t\t<\/div>\n\t\t<div class=\"elementor-element elementor-element-b27afdf e-flex e-con-boxed e-con e-parent\" data-id=\"b27afdf\" data-element_type=\"container\" data-e-type=\"container\">\n\t\t\t\t\t<div class=\"e-con-inner\">\n\t\t<div class=\"elementor-element elementor-element-50885b3 e-con-full e-flex e-con e-child\" data-id=\"50885b3\" data-element_type=\"container\" data-e-type=\"container\">\n\t\t<div class=\"elementor-element elementor-element-db89702 e-con-full e-flex e-con e-child\" data-id=\"db89702\" data-element_type=\"container\" data-e-type=\"container\">\n\t\t\t\t<div class=\"elementor-element elementor-element-7502ea2 elementor-widget elementor-widget-text-editor\" data-id=\"7502ea2\" data-element_type=\"widget\" data-e-type=\"widget\" data-widget_type=\"text-editor.default\">\n\t\t\t\t\t\t\t\t\t<p>Ofrecemos servicios de b\u00fasqueda de talentos con garant\u00eda de 25 a\u00f1os. Ll\u00e1menos o env\u00edenos un correo electr\u00f3nico; con gusto le brindaremos m\u00e1s informaci\u00f3n.<\/p>\t\t\t\t\t\t\t\t<\/div>\n\t\t\t\t<div class=\"elementor-element elementor-element-6764a14 elementor-widget elementor-widget-button\" data-id=\"6764a14\" data-element_type=\"widget\" data-e-type=\"widget\" data-widget_type=\"button.default\">\n\t\t\t\t\t\t\t\t\t\t<a class=\"elementor-button elementor-button-link elementor-size-sm\" href=\"tel:004923536674561\">\n\t\t\t\t\t\t<span class=\"elementor-button-content-wrapper\">\n\t\t\t\t\t\t<span class=\"elementor-button-icon\">\n\t\t\t\t<svg aria-hidden=\"true\" class=\"e-font-icon-svg e-fas-phone-alt\" viewBox=\"0 0 512 512\" xmlns=\"http:\/\/www.w3.org\/2000\/svg\"><path d=\"M497.39 361.8l-112-48a24 24 0 0 0-28 6.9l-49.6 60.6A370.66 370.66 0 0 1 130.6 204.11l60.6-49.6a23.94 23.94 0 0 0 6.9-28l-48-112A24.16 24.16 0 0 0 122.6.61l-104 24A24 24 0 0 0 0 48c0 256.5 207.9 464 464 464a24 24 0 0 0 23.4-18.6l24-104a24.29 24.29 0 0 0-14.01-27.6z\"><\/path><\/svg>\t\t\t<\/span>\n\t\t\t\t\t\t\t\t\t<span class=\"elementor-button-text\">+49 2353 667 45 61<\/span>\n\t\t\t\t\t<\/span>\n\t\t\t\t\t<\/a>\n\t\t\t\t\t\t\t\t<\/div>\n\t\t\t\t<div class=\"elementor-element elementor-element-5b77189 elementor-widget elementor-widget-text-editor\" data-id=\"5b77189\" data-element_type=\"widget\" data-e-type=\"widget\" data-widget_type=\"text-editor.default\">\n\t\t\t\t\t\t\t\t\t<p>Finding Heads International GmbH<br \/>Wipperstra\u00dfe 38<br \/>DE 58553 Halver<\/p>\t\t\t\t\t\t\t\t<\/div>\n\t\t\t\t<div class=\"elementor-element elementor-element-88c30a8 elementor-widget elementor-widget-button\" data-id=\"88c30a8\" data-element_type=\"widget\" data-e-type=\"widget\" data-widget_type=\"button.default\">\n\t\t\t\t\t\t\t\t\t\t<a class=\"elementor-button elementor-button-link elementor-size-sm\" href=\"mailto:hello@findingheads.de\">\n\t\t\t\t\t\t<span class=\"elementor-button-content-wrapper\">\n\t\t\t\t\t\t<span class=\"elementor-button-icon\">\n\t\t\t\t<svg aria-hidden=\"true\" class=\"e-font-icon-svg e-far-envelope\" viewBox=\"0 0 512 512\" xmlns=\"http:\/\/www.w3.org\/2000\/svg\"><path d=\"M464 64H48C21.49 64 0 85.49 0 112v288c0 26.51 21.49 48 48 48h416c26.51 0 48-21.49 48-48V112c0-26.51-21.49-48-48-48zm0 48v40.805c-22.422 18.259-58.168 46.651-134.587 106.49-16.841 13.247-50.201 45.072-73.413 44.701-23.208.375-56.579-31.459-73.413-44.701C106.18 199.465 70.425 171.067 48 152.805V112h416zM48 400V214.398c22.914 18.251 55.409 43.862 104.938 82.646 21.857 17.205 60.134 55.186 103.062 54.955 42.717.231 80.509-37.199 103.053-54.947 49.528-38.783 82.032-64.401 104.947-82.653V400H48z\"><\/path><\/svg>\t\t\t<\/span>\n\t\t\t\t\t\t\t\t\t<span class=\"elementor-button-text\">hello@findingheads.de<\/span>\n\t\t\t\t\t<\/span>\n\t\t\t\t\t<\/a>\n\t\t\t\t\t\t\t\t<\/div>\n\t\t\t\t<\/div>\n\t\t<div class=\"elementor-element elementor-element-b7f3aa7 e-con-full e-flex e-con e-child\" data-id=\"b7f3aa7\" data-element_type=\"container\" data-e-type=\"container\">\n\t\t\t\t<div class=\"elementor-element elementor-element-276ce94 elementor-widget elementor-widget-image\" data-id=\"276ce94\" data-element_type=\"widget\" data-e-type=\"widget\" data-widget_type=\"image.default\">\n\t\t\t\t\t\t\t\t\t\t\t\t\t\t\t<img decoding=\"async\" src=\"https:\/\/findingheads.de\/wp-content\/uploads\/2026\/02\/horst-becker-wolfram-stroese-finding-heads.jpg\" title=\"\" alt=\"\" loading=\"lazy\" \/>\t\t\t\t\t\t\t\t\t\t\t\t\t\t\t<\/div>\n\t\t\t\t<\/div>\n\t\t\t\t<\/div>\n\t\t\t\t\t<\/div>\n\t\t\t\t<\/div>\n\t\t<div class=\"elementor-element elementor-element-d851c56 e-flex e-con-boxed e-con e-parent\" data-id=\"d851c56\" data-element_type=\"container\" data-e-type=\"container\">\n\t\t\t\t\t<div class=\"e-con-inner\">\n\t\t<div class=\"elementor-element elementor-element-671aa90 e-con-full e-flex e-con e-child\" data-id=\"671aa90\" data-element_type=\"container\" data-e-type=\"container\">\n\t\t\t\t<div class=\"elementor-element elementor-element-49d2727 elementor-widget elementor-widget-shortcode\" data-id=\"49d2727\" data-element_type=\"widget\" data-e-type=\"widget\" data-widget_type=\"shortcode.default\">\n\t\t\t\t\t\t\t<div class=\"elementor-shortcode\">\n<div class=\"wpcf7 no-js\" id=\"wpcf7-f2250-o1\" lang=\"es-ES\" dir=\"ltr\" data-wpcf7-id=\"2250\">\n<div class=\"screen-reader-response\"><p role=\"status\" aria-live=\"polite\" aria-atomic=\"true\"><\/p> <ul><\/ul><\/div>\n<form action=\"\/es\/wp-json\/wp\/v2\/pages\/1783#wpcf7-f2250-o1\" method=\"post\" class=\"wpcf7-form init\" aria-label=\"Formulario de contacto\" novalidate=\"novalidate\" data-status=\"init\">\n<fieldset class=\"hidden-fields-container\"><input type=\"hidden\" name=\"_wpcf7\" value=\"2250\" \/><input type=\"hidden\" name=\"_wpcf7_version\" value=\"6.1.5\" \/><input type=\"hidden\" name=\"_wpcf7_locale\" value=\"es_ES\" \/><input type=\"hidden\" name=\"_wpcf7_unit_tag\" value=\"wpcf7-f2250-o1\" \/><input type=\"hidden\" name=\"_wpcf7_container_post\" value=\"0\" \/><input type=\"hidden\" name=\"_wpcf7_posted_data_hash\" value=\"\" \/>\n<\/fieldset>\n<div class=\"karriere-form\">\n\t<div class=\"karriere-form-side\">\n\t\t<legend class=\"more-bottom-space\">Datos de contacto\n\t\t<\/legend>\n\t\t<div class=\"form-group\">\n\t\t\t<p><label>Empresa \/ Compa\u00f1\u00eda<\/label><br \/>\n<span class=\"wpcf7-form-control-wrap\" data-name=\"FIRMA\"><input size=\"40\" maxlength=\"400\" class=\"wpcf7-form-control wpcf7-text\" aria-invalid=\"false\" placeholder=\"Por favor complete este campo\" value=\"\" type=\"text\" name=\"FIRMA\" \/><\/span>\n\t\t\t<\/p>\n\t\t<\/div>\n\t\t<div class=\"form-group\">\n\t\t\t<p><label>Nombre<\/label><br \/>\n<span class=\"wpcf7-form-control-wrap\" data-name=\"VORNAME\"><input size=\"40\" maxlength=\"400\" class=\"wpcf7-form-control wpcf7-text wpcf7-validates-as-required\" aria-required=\"true\" aria-invalid=\"false\" placeholder=\"Por favor complete este campo\" value=\"\" type=\"text\" name=\"VORNAME\" \/><\/span>\n\t\t\t<\/p>\n\t\t<\/div>\n\t\t<div class=\"form-group\">\n\t\t\t<p><label>Apellidos<\/label><br \/>\n<span class=\"wpcf7-form-control-wrap\" data-name=\"NAME\"><input size=\"40\" maxlength=\"400\" class=\"wpcf7-form-control wpcf7-text wpcf7-validates-as-required\" aria-required=\"true\" aria-invalid=\"false\" placeholder=\"Por favor complete este campo\" value=\"\" type=\"text\" name=\"NAME\" \/><\/span>\n\t\t\t<\/p>\n\t\t<\/div>\n\t\t<div class=\"form-group\">\n\t\t\t<p><label for=\"EMAIL\">Correo electr\u00f3nico<\/label><br \/>\n<span class=\"wpcf7-form-control-wrap\" data-name=\"EMAIL\"><input size=\"40\" maxlength=\"400\" class=\"wpcf7-form-control wpcf7-email wpcf7-validates-as-required wpcf7-text wpcf7-validates-as-email\" aria-required=\"true\" aria-invalid=\"false\" placeholder=\"Por favor introduzca una direcci\u00f3n de correo electr\u00f3nico v\u00e1lida\" value=\"\" type=\"email\" name=\"EMAIL\" \/><\/span>\n\t\t\t<\/p>\n\t\t<\/div>\n\t\t<div class=\"form-group\">\n\t\t\t<p><label>Tel\u00e9fono<\/label><br \/>\n<span class=\"wpcf7-form-control-wrap\" data-name=\"TELEFON\"><input size=\"40\" maxlength=\"400\" class=\"wpcf7-form-control wpcf7-text wpcf7-validates-as-required\" aria-required=\"true\" aria-invalid=\"false\" placeholder=\"Por favor complete este campo\" value=\"\" type=\"text\" name=\"TELEFON\" \/><\/span>\n\t\t\t<\/p>\n\t\t<\/div>\n\t<\/div>\n\t<div class=\"karriere-form-side\">\n\t\t<legend class=\"more-bottom-space\">Mensaje\n\t\t<\/legend>\n\t\t<div class=\"form-group\">\n\t\t\t<p><label for=\"BEWERBUNG\">Asunto<\/label><br \/>\n<span class=\"wpcf7-form-control-wrap\" data-name=\"BETREFF\"><input size=\"40\" maxlength=\"400\" class=\"wpcf7-form-control wpcf7-text wpcf7-validates-as-required\" aria-required=\"true\" aria-invalid=\"false\" placeholder=\"Por favor complete este campo\" value=\"\" type=\"text\" name=\"BETREFF\" \/><\/span>\n\t\t\t<\/p>\n\t\t<\/div>\n\t\t<div class=\"form-group\">\n\t\t\t<p><label>Mensaje<\/label><br \/>\n<span class=\"wpcf7-form-control-wrap\" data-name=\"textarea-629\"><textarea cols=\"40\" rows=\"10\" maxlength=\"2000\" class=\"wpcf7-form-control wpcf7-textarea wpcf7-validates-as-required\" aria-required=\"true\" aria-invalid=\"false\" placeholder=\"Tu mensaje para nosotros\" name=\"textarea-629\"><\/textarea><\/span>\n\t\t\t<\/p>\n\t\t<\/div>\n\t\t<legend>Protecci\u00f3n de datos\n\t\t<\/legend>\n\t\t<div class=\"form-group\">\n\t\t\t<p><label>Consentimiento<\/label><br \/>\n<textarea class=\"form-control\" rows=\"4\" id=\"DSGVO\" readonly=\"\" name=\"DSGVO\">Si env\u00eda los datos introducidos en el formulario de contacto haciendo clic en el bot\u00f3n siguiente, acepta que utilicemos su informaci\u00f3n para responder a su consulta o ponernos en contacto con usted. En principio, los datos no se transmitir\u00e1n a terceros, salvo que las normativas de protecci\u00f3n de datos aplicables lo permitan o estemos legalmente obligados a hacerlo. Puede revocar su consentimiento en cualquier momento con efecto futuro. En caso de revocaci\u00f3n, sus datos ser\u00e1n eliminados inmediatamente. De lo contrario, sus datos se eliminar\u00e1n una vez hayamos procesado su solicitud o cuando el prop\u00f3sito del almacenamiento deje de existir. Puede solicitar informaci\u00f3n en cualquier momento sobre los datos almacenados sobre su persona. Encontrar\u00e1 m\u00e1s informaci\u00f3n sobre la protecci\u00f3n de datos en la pol\u00edtica de privacidad de este sitio web.<\/textarea>\n\t\t\t<\/p>\n\t\t<\/div>\n\t\t<div class=\"form-group\">\n\t\t\t<p><span class=\"wpcf7-form-control-wrap\" data-name=\"EINWILLIGUNG\"><select class=\"wpcf7-form-control wpcf7-select wpcf7-validates-as-required\" aria-required=\"true\" aria-invalid=\"false\" name=\"EINWILLIGUNG\"><option value=\"\">Por favor seleccione<\/option><option value=\"S\u00ed, doy mi consentimiento\">S\u00ed, doy mi consentimiento<\/option><option value=\"No, no doy mi consentimiento\">No, no doy mi consentimiento<\/option><\/select><\/span>\n\t\t\t<\/p>\n\t\t<\/div>\n\t\t<div class=\"checkbox\">\n\t\t\t<p><span class=\"wpcf7-form-control-wrap\" data-name=\"acceptance-979\"><span class=\"wpcf7-form-control wpcf7-acceptance\"><span class=\"wpcf7-list-item\"><label><input type=\"checkbox\" name=\"acceptance-979\" value=\"1\" aria-invalid=\"false\" \/><span class=\"wpcf7-list-item-label\">Reconozco la <a href=\"https:\/\/neu26.findingheads.de\/es\/proteccion-de-datos\/\" target=\"_bank\" style=\"text-decoration:underline;\">pol\u00edtica de privacidad<\/a><\/span><\/label><\/span><\/span><\/span>\n\t\t\t<\/p>\n\t\t<\/div>\n\t\t<div class=\"form-group\">\n\t\t\t<legend>C\u00f3digo de seguridad\n\t\t\t<\/legend>\n\t\t\t<p><input type=\"hidden\" name=\"_wpcf7_captcha_challenge_captcha-118\" value=\"1038216160\" \/><img decoding=\"async\" class=\"wpcf7-form-control wpcf7-captchac wpcf7-captcha-captcha-118\" width=\"84\" height=\"28\" alt=\"captcha\" src=\"https:\/\/findingheads.de\/wp-content\/uploads\/wpcf7_captcha\/1038216160.png\" \/><br \/>\n<span class=\"wpcf7-form-control-wrap\" data-name=\"captcha-118\"><input size=\"4\" maxlength=\"4\" class=\"wpcf7-form-control wpcf7-captchar\" autocomplete=\"off\" aria-invalid=\"false\" placeholder=\"CAPTCHA\" value=\"\" type=\"text\" name=\"captcha-118\" \/><\/span>\n\t\t\t<\/p>\n\t\t<\/div>\n\t\t<div class=\"form-group\">\n\t\t\t<p><input class=\"wpcf7-form-control wpcf7-submit has-spinner\" type=\"submit\" value=\"Enviar mensaje ahora\" \/>\n\t\t\t<\/p>\n\t\t<\/div>\n\t<\/div>\n<\/div><div class=\"wpcf7-response-output\" aria-hidden=\"true\"><\/div>\n<\/form>\n<\/div>\n<\/div>\n\t\t\t\t\t\t<\/div>\n\t\t\t\t<\/div>\n\t\t\t\t\t<\/div>\n\t\t\t\t<\/div>\n\t\t\t\t<\/div>\n\t\t","protected":false},"excerpt":{"rendered":"<p>Contacto Tambi\u00e9n estamos deseando trabajar contigo. Ofrecemos servicios de b\u00fasqueda de talentos con garant\u00eda de 25 a\u00f1os. Ll\u00e1menos o env\u00edenos un correo electr\u00f3nico; con gusto le brindaremos m\u00e1s informaci\u00f3n. +49 2353 667 45 61 Finding Heads International GmbHWipperstra\u00dfe 38DE 58553 Halver hello@findingheads.de<\/p>\n","protected":false},"author":2,"featured_media":0,"parent":0,"menu_order":0,"comment_status":"closed","ping_status":"closed","template":"elementor_header_footer","meta":{"_acf_changed":false,"footnotes":""},"class_list":["post-1783","page","type-page","status-publish","hentry"],"acf":[],"yoast_head":"<!-- This site is optimized with the Yoast SEO plugin v27.3 - https:\/\/yoast.com\/product\/yoast-seo-wordpress\/ -->\n<title>Contacto | Programar Reuni\u00f3n | Finding Heads<\/title>\n<meta name=\"description\" content=\"\u00bfDesea discutir sus necesidades de personal o planificar su carrera? Contacte a nuestros headhunters experimentados para una consulta inicial gratuita.\" \/>\n<meta name=\"robots\" content=\"index, follow, max-snippet:-1, max-image-preview:large, max-video-preview:-1\" \/>\n<link rel=\"canonical\" href=\"https:\/\/findingheads.de\/es\/contacto\/\" \/>\n<meta property=\"og:locale\" content=\"es_ES\" \/>\n<meta property=\"og:type\" content=\"article\" \/>\n<meta property=\"og:title\" content=\"Contacto | Programar Reuni\u00f3n | Finding Heads\" \/>\n<meta property=\"og:description\" content=\"\u00bfDesea discutir sus necesidades de personal o planificar su carrera? Contacte a nuestros headhunters experimentados para una consulta inicial gratuita.\" \/>\n<meta property=\"og:url\" content=\"https:\/\/findingheads.de\/es\/contacto\/\" \/>\n<meta property=\"og:site_name\" content=\"Finding Heads\" \/>\n<meta property=\"article:publisher\" content=\"https:\/\/www.facebook.com\/findingheads\" \/>\n<meta property=\"article:modified_time\" content=\"2026-03-04T06:16:33+00:00\" \/>\n<meta property=\"og:image\" content=\"https:\/\/neu26.findingheads.de\/wp-content\/uploads\/2026\/02\/headbild-1-screen_4741-scaled.jpg\" \/>\n<meta name=\"twitter:card\" content=\"summary_large_image\" \/>\n<meta name=\"twitter:label1\" content=\"Tiempo de lectura\" \/>\n\t<meta name=\"twitter:data1\" content=\"1 minuto\" \/>\n<script type=\"application\/ld+json\" class=\"yoast-schema-graph\">{\"@context\":\"https:\\\/\\\/schema.org\",\"@graph\":[{\"@type\":\"WebPage\",\"@id\":\"https:\\\/\\\/findingheads.de\\\/es\\\/contacto\\\/\",\"url\":\"https:\\\/\\\/findingheads.de\\\/es\\\/contacto\\\/\",\"name\":\"Contacto | Programar Reuni\u00f3n | Finding Heads\",\"isPartOf\":{\"@id\":\"https:\\\/\\\/findingheads.de\\\/es\\\/#website\"},\"primaryImageOfPage\":{\"@id\":\"https:\\\/\\\/findingheads.de\\\/es\\\/contacto\\\/#primaryimage\"},\"image\":{\"@id\":\"https:\\\/\\\/findingheads.de\\\/es\\\/contacto\\\/#primaryimage\"},\"thumbnailUrl\":\"https:\\\/\\\/neu26.findingheads.de\\\/wp-content\\\/uploads\\\/2026\\\/02\\\/headbild-1-screen_4741-scaled.jpg\",\"datePublished\":\"2026-02-10T13:11:25+00:00\",\"dateModified\":\"2026-03-04T06:16:33+00:00\",\"description\":\"\u00bfDesea discutir sus necesidades de personal o planificar su carrera? Contacte a nuestros headhunters experimentados para una consulta inicial gratuita.\",\"breadcrumb\":{\"@id\":\"https:\\\/\\\/findingheads.de\\\/es\\\/contacto\\\/#breadcrumb\"},\"inLanguage\":\"es\",\"potentialAction\":[{\"@type\":\"ReadAction\",\"target\":[\"https:\\\/\\\/findingheads.de\\\/es\\\/contacto\\\/\"]}]},{\"@type\":\"ImageObject\",\"inLanguage\":\"es\",\"@id\":\"https:\\\/\\\/findingheads.de\\\/es\\\/contacto\\\/#primaryimage\",\"url\":\"https:\\\/\\\/neu26.findingheads.de\\\/wp-content\\\/uploads\\\/2026\\\/02\\\/headbild-1-screen_4741-scaled.jpg\",\"contentUrl\":\"https:\\\/\\\/neu26.findingheads.de\\\/wp-content\\\/uploads\\\/2026\\\/02\\\/headbild-1-screen_4741-scaled.jpg\"},{\"@type\":\"BreadcrumbList\",\"@id\":\"https:\\\/\\\/findingheads.de\\\/es\\\/contacto\\\/#breadcrumb\",\"itemListElement\":[{\"@type\":\"ListItem\",\"position\":1,\"name\":\"Home\",\"item\":\"https:\\\/\\\/findingheads.de\\\/es\\\/\"},{\"@type\":\"ListItem\",\"position\":2,\"name\":\"Contacto\"}]},{\"@type\":\"WebSite\",\"@id\":\"https:\\\/\\\/findingheads.de\\\/es\\\/#website\",\"url\":\"https:\\\/\\\/findingheads.de\\\/es\\\/\",\"name\":\"Finding Heads International GmbH\",\"description\":\"\",\"publisher\":{\"@id\":\"https:\\\/\\\/findingheads.de\\\/es\\\/#organization\"},\"potentialAction\":[{\"@type\":\"SearchAction\",\"target\":{\"@type\":\"EntryPoint\",\"urlTemplate\":\"https:\\\/\\\/findingheads.de\\\/es\\\/?s={search_term_string}\"},\"query-input\":{\"@type\":\"PropertyValueSpecification\",\"valueRequired\":true,\"valueName\":\"search_term_string\"}}],\"inLanguage\":\"es\"},{\"@type\":\"Organization\",\"@id\":\"https:\\\/\\\/findingheads.de\\\/es\\\/#organization\",\"name\":\"Finding Heads International GmbH\",\"url\":\"https:\\\/\\\/findingheads.de\\\/es\\\/\",\"logo\":{\"@type\":\"ImageObject\",\"inLanguage\":\"es\",\"@id\":\"https:\\\/\\\/findingheads.de\\\/es\\\/#\\\/schema\\\/logo\\\/image\\\/\",\"url\":\"https:\\\/\\\/neu26.findingheads.de\\\/wp-content\\\/uploads\\\/2026\\\/02\\\/finding-heads-logo.png\",\"contentUrl\":\"https:\\\/\\\/neu26.findingheads.de\\\/wp-content\\\/uploads\\\/2026\\\/02\\\/finding-heads-logo.png\",\"width\":700,\"height\":250,\"caption\":\"Finding Heads International GmbH\"},\"image\":{\"@id\":\"https:\\\/\\\/findingheads.de\\\/es\\\/#\\\/schema\\\/logo\\\/image\\\/\"},\"sameAs\":[\"https:\\\/\\\/www.facebook.com\\\/findingheads\",\"https:\\\/\\\/www.linkedin.com\\\/company\\\/findingheadsinternationalgmbh\",\"https:\\\/\\\/www.instagram.com\\\/findingheadsinternational\",\"https:\\\/\\\/www.xing.com\\\/pages\\\/findingheadsinternationalgmbh\"]}]}<\/script>\n<!-- \/ Yoast SEO plugin. -->","yoast_head_json":{"title":"Contacto | Programar Reuni\u00f3n | Finding Heads","description":"\u00bfDesea discutir sus necesidades de personal o planificar su carrera? Contacte a nuestros headhunters experimentados para una consulta inicial gratuita.","robots":{"index":"index","follow":"follow","max-snippet":"max-snippet:-1","max-image-preview":"max-image-preview:large","max-video-preview":"max-video-preview:-1"},"canonical":"https:\/\/findingheads.de\/es\/contacto\/","og_locale":"es_ES","og_type":"article","og_title":"Contacto | Programar Reuni\u00f3n | Finding Heads","og_description":"\u00bfDesea discutir sus necesidades de personal o planificar su carrera? Contacte a nuestros headhunters experimentados para una consulta inicial gratuita.","og_url":"https:\/\/findingheads.de\/es\/contacto\/","og_site_name":"Finding Heads","article_publisher":"https:\/\/www.facebook.com\/findingheads","article_modified_time":"2026-03-04T06:16:33+00:00","og_image":[{"url":"https:\/\/neu26.findingheads.de\/wp-content\/uploads\/2026\/02\/headbild-1-screen_4741-scaled.jpg","type":"","width":"","height":""}],"twitter_card":"summary_large_image","twitter_misc":{"Tiempo de lectura":"1 minuto"},"schema":{"@context":"https:\/\/schema.org","@graph":[{"@type":"WebPage","@id":"https:\/\/findingheads.de\/es\/contacto\/","url":"https:\/\/findingheads.de\/es\/contacto\/","name":"Contacto | Programar Reuni\u00f3n | Finding Heads","isPartOf":{"@id":"https:\/\/findingheads.de\/es\/#website"},"primaryImageOfPage":{"@id":"https:\/\/findingheads.de\/es\/contacto\/#primaryimage"},"image":{"@id":"https:\/\/findingheads.de\/es\/contacto\/#primaryimage"},"thumbnailUrl":"https:\/\/neu26.findingheads.de\/wp-content\/uploads\/2026\/02\/headbild-1-screen_4741-scaled.jpg","datePublished":"2026-02-10T13:11:25+00:00","dateModified":"2026-03-04T06:16:33+00:00","description":"\u00bfDesea discutir sus necesidades de personal o planificar su carrera? Contacte a nuestros headhunters experimentados para una consulta inicial gratuita.","breadcrumb":{"@id":"https:\/\/findingheads.de\/es\/contacto\/#breadcrumb"},"inLanguage":"es","potentialAction":[{"@type":"ReadAction","target":["https:\/\/findingheads.de\/es\/contacto\/"]}]},{"@type":"ImageObject","inLanguage":"es","@id":"https:\/\/findingheads.de\/es\/contacto\/#primaryimage","url":"https:\/\/neu26.findingheads.de\/wp-content\/uploads\/2026\/02\/headbild-1-screen_4741-scaled.jpg","contentUrl":"https:\/\/neu26.findingheads.de\/wp-content\/uploads\/2026\/02\/headbild-1-screen_4741-scaled.jpg"},{"@type":"BreadcrumbList","@id":"https:\/\/findingheads.de\/es\/contacto\/#breadcrumb","itemListElement":[{"@type":"ListItem","position":1,"name":"Home","item":"https:\/\/findingheads.de\/es\/"},{"@type":"ListItem","position":2,"name":"Contacto"}]},{"@type":"WebSite","@id":"https:\/\/findingheads.de\/es\/#website","url":"https:\/\/findingheads.de\/es\/","name":"Finding Heads International GmbH","description":"","publisher":{"@id":"https:\/\/findingheads.de\/es\/#organization"},"potentialAction":[{"@type":"SearchAction","target":{"@type":"EntryPoint","urlTemplate":"https:\/\/findingheads.de\/es\/?s={search_term_string}"},"query-input":{"@type":"PropertyValueSpecification","valueRequired":true,"valueName":"search_term_string"}}],"inLanguage":"es"},{"@type":"Organization","@id":"https:\/\/findingheads.de\/es\/#organization","name":"Finding Heads International GmbH","url":"https:\/\/findingheads.de\/es\/","logo":{"@type":"ImageObject","inLanguage":"es","@id":"https:\/\/findingheads.de\/es\/#\/schema\/logo\/image\/","url":"https:\/\/neu26.findingheads.de\/wp-content\/uploads\/2026\/02\/finding-heads-logo.png","contentUrl":"https:\/\/neu26.findingheads.de\/wp-content\/uploads\/2026\/02\/finding-heads-logo.png","width":700,"height":250,"caption":"Finding Heads International GmbH"},"image":{"@id":"https:\/\/findingheads.de\/es\/#\/schema\/logo\/image\/"},"sameAs":["https:\/\/www.facebook.com\/findingheads","https:\/\/www.linkedin.com\/company\/findingheadsinternationalgmbh","https:\/\/www.instagram.com\/findingheadsinternational","https:\/\/www.xing.com\/pages\/findingheadsinternationalgmbh"]}]}},"_links":{"self":[{"href":"https:\/\/findingheads.de\/es\/wp-json\/wp\/v2\/pages\/1783","targetHints":{"allow":["GET"]}}],"collection":[{"href":"https:\/\/findingheads.de\/es\/wp-json\/wp\/v2\/pages"}],"about":[{"href":"https:\/\/findingheads.de\/es\/wp-json\/wp\/v2\/types\/page"}],"author":[{"embeddable":true,"href":"https:\/\/findingheads.de\/es\/wp-json\/wp\/v2\/users\/2"}],"replies":[{"embeddable":true,"href":"https:\/\/findingheads.de\/es\/wp-json\/wp\/v2\/comments?post=1783"}],"version-history":[{"count":0,"href":"https:\/\/findingheads.de\/es\/wp-json\/wp\/v2\/pages\/1783\/revisions"}],"wp:attachment":[{"href":"https:\/\/findingheads.de\/es\/wp-json\/wp\/v2\/media?parent=1783"}],"curies":[{"name":"wp","href":"https:\/\/api.w.org\/{rel}","templated":true}]}}